{"id":43,"date":"2022-09-16T16:15:46","date_gmt":"2022-09-16T16:15:46","guid":{"rendered":"https:\/\/lap-office.de\/?page_id=43"},"modified":"2022-10-04T20:24:39","modified_gmt":"2022-10-04T20:24:39","slug":"dienstleistungen","status":"publish","type":"page","link":"https:\/\/lap-it.de\/?page_id=43","title":{"rendered":"Dienstleistungen"},"content":{"rendered":"\n<p class=\"has-text-align-center has-text-color has-x-large-font-size\" style=\"color:#0000ff\"><strong>DIENSTLEISTUNGEN<\/strong><\/p>\n\n\n\n<p class=\"has-text-align-center\">Unsere T\u00e4tigkeit umfasst die folgenden IT-Dienstleistungen, die sich zum Teil an Verbraucher und zum Teil an Unternehmer, unter der letzten Kategorie, im Einzelfall, speziell an Rechtsanw\u00e4lte, richten:<\/p>\n\n\n\n<ol class=\"has-text-color wp-block-list\" style=\"color:#0000ff\"><li><strong>WEBMASTER-SERVICES<\/strong><\/li><\/ol>\n\n\n\n<p class=\"has-text-align-center\">Als Webmaster \u00fcbernehmen wir die folgenden T\u00e4tigkeiten f\u00fcr Sie:<\/p>\n\n\n\n<ul class=\"wp-block-list\"><li><strong>System- und Netzwerkadministration:<\/strong><ul><li>Installation, Konfiguration und Wartung von Internet-Kommunikationsservern auf Basis von Unix\/Linux, Windows etc.;<\/li><li>Konfiguration und Wartung von Internet-Diensten von Typ WWW, FTP, DNS, News, E-Mail etc.;<\/li><\/ul><\/li><li><strong>Programmierung:<\/strong><ul><li>Konzeption und Erstellung von Datenbanken;<\/li><li>client- und serverseitige Programmierung mit JavaScript, XML, PHP, Perl, Python, Java, Ruby etc.;<\/li><\/ul><\/li><li><strong>Webdesign:<\/strong><ul><li>Layout und Design von Websites mit Hilfe von HTML und CSS;<\/li><\/ul><\/li><li><strong>Online-Marketing:<\/strong><ul><li>Suchmaschinenoptimierung etc.;<\/li><\/ul><\/li><li><strong>Datensicherungkonzepte und Virenschutz:<\/strong><ul><li>Sicherung von Daten (z. B.: Erstellen von Backups etc.);<\/li><li>Verschl\u00fcsselung von Daten (z. B.: Transportverschl\u00fcsselung, Ende-zu-Ende-Verschl\u00fcsselung, Einsatz von Passw\u00f6rtern, etc.);<\/li><li>L\u00f6schen von einzelnen Daten und kompletten Festplatten;<\/li><li>Beratung bei der Auswahl von Antivirensoftware;<\/li><li>Installation und Optimierung von Antivirensoftware;<\/li><li>Schulung f\u00fcr Mitarbeiter zur IT-Sicherheit und zur Bedrohung durch Cyberattacken;<\/li><\/ul><\/li><li><strong>Beratung:<\/strong><ul><li>Beratung bei Kauf von Hardware, insbesondere im Hinblick auf Effektivit\u00e4t und Energieeffizienz, Preis-Leistung-Verh\u00e4ltnis etc.;<\/li><li>Beratung beim Kauf von Software, insbesondere im Hinblick auf Effektivit\u00e4t und Energieeffizienz, Preis-Leistung-Verh\u00e4ltnis etc..<\/li><\/ul><\/li><\/ul>\n\n\n\n<ol start=\"2\" class=\"has-text-color wp-block-list\" style=\"color:#0000ff\"><li><strong>beA-SUPPORT F\u00dcR RECHTSANW\u00c4LTE<\/strong><\/li><\/ol>\n\n\n\n<p class=\"has-text-align-center\">Speziell f\u00fcr Rechtsanw\u00e4lte bieten wir Hilfe im Umgang mit dem besonderen elektronischen Anwaltspostfach (beA), per Telefon, per TeamViewer und\/oder vor Ort, an, und zwar f\u00fcr:<\/p>\n\n\n\n<ul class=\"wp-block-list\"><li><strong>beA-Installation;<\/strong><\/li><li><strong>beA-Einrichtung;<\/strong><\/li><li><strong>beA-Bedienung;<\/strong><\/li><li><strong>beA-Probleml\u00f6sungen im Einzelfall;<\/strong><\/li><li><strong>beA-Notdienst<\/strong>.<\/li><\/ul>\n","protected":false},"excerpt":{"rendered":"<p>DIENSTLEISTUNGEN Unsere T\u00e4tigkeit umfasst die folgenden IT-Dienstleistungen, die sich zum Teil an Verbraucher und zum Teil an Unternehmer, unter der letzten Kategorie, im Einzelfall, speziell an Rechtsanw\u00e4lte, richten: WEBMASTER-SERVICES Als Webmaster \u00fcbernehmen wir die folgenden T\u00e4tigkeiten f\u00fcr Sie: System- und Netzwerkadministration: Installation, Konfiguration und Wartung von Internet-Kommunikationsservern auf Basis von Unix\/Linux, Windows etc.; Konfiguration und [&hellip;]<\/p>\n","protected":false},"author":1,"featured_media":0,"parent":0,"menu_order":0,"comment_status":"closed","ping_status":"closed","template":"wp-custom-template-neu","meta":{"footnotes":""},"class_list":["post-43","page","type-page","status-publish","hentry"],"_links":{"self":[{"href":"https:\/\/lap-it.de\/index.php?rest_route=\/wp\/v2\/pages\/43","targetHints":{"allow":["GET"]}}],"collection":[{"href":"https:\/\/lap-it.de\/index.php?rest_route=\/wp\/v2\/pages"}],"about":[{"href":"https:\/\/lap-it.de\/index.php?rest_route=\/wp\/v2\/types\/page"}],"author":[{"embeddable":true,"href":"https:\/\/lap-it.de\/index.php?rest_route=\/wp\/v2\/users\/1"}],"replies":[{"embeddable":true,"href":"https:\/\/lap-it.de\/index.php?rest_route=%2Fwp%2Fv2%2Fcomments&post=43"}],"version-history":[{"count":1,"href":"https:\/\/lap-it.de\/index.php?rest_route=\/wp\/v2\/pages\/43\/revisions"}],"predecessor-version":[{"id":504,"href":"https:\/\/lap-it.de\/index.php?rest_route=\/wp\/v2\/pages\/43\/revisions\/504"}],"wp:attachment":[{"href":"https:\/\/lap-it.de\/index.php?rest_route=%2Fwp%2Fv2%2Fmedia&parent=43"}],"curies":[{"name":"wp","href":"https:\/\/api.w.org\/{rel}","templated":true}]}}