{"id":47,"date":"2022-09-16T16:16:49","date_gmt":"2022-09-16T16:16:49","guid":{"rendered":"https:\/\/lap-office.de\/?page_id=47"},"modified":"2022-10-04T21:21:21","modified_gmt":"2022-10-04T21:21:21","slug":"preise","status":"publish","type":"page","link":"https:\/\/lap-it.de\/?page_id=47","title":{"rendered":"Preise"},"content":{"rendered":"\n<p class=\"has-text-align-center has-text-color has-x-large-font-size\" style=\"color:#0000ff\"><strong>PREISE<\/strong><\/p>\n\n\n\n<ol class=\"has-text-color wp-block-list\" style=\"color:#0000ff\"><li><strong>WEBMASTER-SERVICES<\/strong><\/li><\/ol>\n\n\n\n<p class=\"has-text-align-center\">F\u00fcr Webmaster-Services werden individuell kalkulierte Preise zzgl. der derzeit gesetzlich g\u00fcltigen Mehrwertsteuer in H\u00f6he von 19 % vereinbart.<\/p>\n\n\n\n<p class=\"has-text-align-center has-text-color\" style=\"color:#0000ff\"><strong>F\u00fcr Einzelheiten kontaktieren Sie uns, bitte, unter den folgenden<\/strong><\/p>\n\n\n\n<p class=\"has-text-align-center\"><strong><u><a href=\"https:\/\/lap-it.de\/?page_id=51\" data-type=\"page\" data-id=\"51\">Kontaktdaten<\/a><\/u>.<\/strong><\/p>\n\n\n\n<ol start=\"2\" class=\"has-text-color wp-block-list\" style=\"color:#0000ff\"><li><strong>beA-SUPPORT F\u00dcR RECHTSANW\u00c4LTE<\/strong><\/li><\/ol>\n\n\n\n<p class=\"has-text-align-center\">Der beA-Support f\u00fcr Rechtsanw\u00e4lte wird zu den folgenden Preisen angeboten, die sich aus den Preisen f\u00fcr verschiedene telefonisch und per TeamViewer angebotene Servicepakete, den Stundens\u00e4tzen f\u00fcr die telefonisch und per TeamViewer angebotene Hilfe in verschiedenen Notfallsituationen und, falls eine Anreise erforderlich ist, der Erstattung der Fahrkosten und zus\u00e4tzlich ggf. Parkgeb\u00fchren, Kosten f\u00fcr Vignetten, Autobahngeb\u00fchren etc., sowie der jeweils g\u00fcltigen Mehrwertsteuer zusammensetzen:<\/p>\n\n\n\n<ul class=\"wp-block-list\"><li><strong>PAKETPREIS \u2013 INSTALLATION UND EINRICHTUNG DES beA<\/strong> per Telefon und TeamViewer, je Arbeitsplatz, maximal 2 Stunden Dienstleistung<ul><li>149,00 \u20ac Netto zzgl. 28,31 \u20ac (19 % USt.), d. h. 177,31 \u20ac Brutto<\/li><\/ul>ggf. zzgl. Stundensatz bei unvorhersehbarer \u00dcberschreitung der Zeit ohne unser eigenes Verschulden, minutengenaue Abrechnung, je Arbeitsplatz, je zus\u00e4tzliche Stunde<\/li><li>89,00 \u20ac Netto zzgl. 16,91 \u20ac (19 % USt.), d. h. 105,91 \u20ac Brutto<\/li><\/ul>\n\n\n\n<ul class=\"wp-block-list\"><li><strong>PAKETPREIS \u2013 EINRICHTUNG DER beA-VERTRETUNG<\/strong> per Telefon und TeamViewer, je Vertretung, maximal 1\/2 Stunde Dienstleistung<ul><li>39,00 \u20ac Netto zzgl. 7,41 \u20ac (19 % USt.), d. h. 46,41 \u20ac Brutto<\/li><\/ul>ggf. zzgl. Stundensatz bei unvorhersehbarer \u00dcberschreitung der Zeit ohne unser eigenes Verschulden, minutengenaue Abrechnung, je Vertretung, je zus\u00e4tzliche Stunde<\/li><li>89,00 \u20ac Netto zzgl. 16,91 \u20ac (19 % USt.), d. h. 105,91 \u20ac Brutto<\/li><\/ul>\n\n\n\n<ul class=\"wp-block-list\"><li><strong>PAKETPREIS \u2013 EINRICHTUNG DER beA-MITARBEITERKARTE<\/strong> per Telefon und TeamViewer, je Mitarbeiterkarte, maximal 1\/2 Stunde Dienstleistung<ul><li>39,00 \u20ac Netto zzgl. 7,41 \u20ac (19 % USt.), d. h. 46,41 \u20ac Brutto<\/li><\/ul>ggf. zzgl. Stundensatz bei unvorhersehbarer \u00dcberschreitung der Zeit ohne unser eigenes Verschulden, minutengenaue Abrechnung, je Mitarbeiterkarte, je zus\u00e4tzliche Stunde<\/li><li>89,00 \u20ac Netto zzgl. 16,91 \u20ac (19 % USt.), d. h. 105,91 \u20ac Brutto<\/li><\/ul>\n\n\n\n<ul class=\"wp-block-list\"><li><strong>PAKETPREIS \u2013 EINRICHTUNG DER beA-FERNSIGNATUR<\/strong> per Telefon und TeamViewer, je Fernsignatur, maximal 1\/2 Stunde Dienstleistung<ul><li>39,00 \u20ac Netto zzgl. 7,41 \u20ac (19 % USt.), d. h. 46,41 \u20ac Brutto<\/li><\/ul>ggf. zzgl. Stundensatz bei unvorhersehbarer \u00dcberschreitung der Zeit ohne unser eigenes Verschulden, minutengenaue Abrechnung, je Fernsignatur, je zus\u00e4tzliche Stunde<\/li><li>89,00 \u20ac Netto zzgl. 16,91 \u20ac (19 % USt.), d. h. 105,91 \u20ac Brutto<\/li><\/ul>\n\n\n\n<ul class=\"wp-block-list\"><li><strong>PAKETPREIS \u2013 EINRICHTUNG DER NEUEN beA-KARTE NACH KARTENTAUSCH<\/strong> per Telefon und TeamViewer, je neue beA-Karte, maximal 1\/2 Stunde Dienstleistung<ul><li>39,00 \u20ac Netto zzgl. 7,41 \u20ac (19 % USt.), d. h. 46,41 \u20ac Brutto<\/li><\/ul>ggf. zzgl. Stundensatz bei unvorhersehbarer \u00dcberschreitung der Zeit ohne unser eigenes Verschulden, minutengenaue Abrechnung, je neue beA-Karte nach Kartentausch, je zus\u00e4tzliche Stunde<\/li><li>89,00 \u20ac Netto zzgl. 16,91 \u20ac (19 % USt.), d. h. 105,91 \u20ac Brutto<\/li><\/ul>\n\n\n\n<ul class=\"wp-block-list\"><li><strong>STUNDENSATZ \u2013 NOTDIENST, MO. \u2013 FR., 08:00 \u2013 18:00 UHR<\/strong><ul><li>89,00 \u20ac Netto zzgl. 16,91 \u20ac (19 % USt.), d. h. 105,91 \u20ac Brutto<\/li><\/ul><\/li><\/ul>\n\n\n\n<ul class=\"wp-block-list\"><li><strong>STUNDENSATZ \u2013 NOTDIENST, MO. \u2013 FR., 18:00 \u2013 08:00 UHR, UND SA. \u2013 SO., 00:00 -24:00 UHR<\/strong><ul><li>179,00 \u20ac Netto zzgl. 34,01 \u20ac (USt.), d. h. 213,01 \u20ac Brutto<\/li><\/ul><\/li><\/ul>\n\n\n\n<ul class=\"wp-block-list\"><li><strong>GGF. FAHRTKOSTENERSATZ JE KILOMETER<\/strong><ul><li>ggf. 0,42 \u20ac Netto zzgl. 0,08 \u20ac (19 % USt.), d. h. 0,50 \u20ac Brutto<\/li><\/ul><\/li><\/ul>\n\n\n\n<ul class=\"wp-block-list\"><li><strong>GGF. ZZGL. PARKENTGELTE, KOSTEN F\u00dcR VIGNETTEN, AUTOBAHNGEB\u00dcHREN ETC.<\/strong><ul><li>ggf. zzgl. des tats\u00e4chlichen Nettobetrages zzgl. der tats\u00e4chlichen Umsatzsteuerbetrages (19 % USt.), d. h. zzgl. des tats\u00e4chlichen Bruttobetrages.<\/li><\/ul><\/li><\/ul>\n","protected":false},"excerpt":{"rendered":"<p>PREISE WEBMASTER-SERVICES F\u00fcr Webmaster-Services werden individuell kalkulierte Preise zzgl. der derzeit gesetzlich g\u00fcltigen Mehrwertsteuer in H\u00f6he von 19 % vereinbart. F\u00fcr Einzelheiten kontaktieren Sie uns, bitte, unter den folgenden Kontaktdaten. beA-SUPPORT F\u00dcR RECHTSANW\u00c4LTE Der beA-Support f\u00fcr Rechtsanw\u00e4lte wird zu den folgenden Preisen angeboten, die sich aus den Preisen f\u00fcr verschiedene telefonisch und per TeamViewer angebotene [&hellip;]<\/p>\n","protected":false},"author":1,"featured_media":0,"parent":0,"menu_order":0,"comment_status":"closed","ping_status":"closed","template":"wp-custom-template-neu","meta":{"footnotes":""},"class_list":["post-47","page","type-page","status-publish","hentry"],"_links":{"self":[{"href":"https:\/\/lap-it.de\/index.php?rest_route=\/wp\/v2\/pages\/47","targetHints":{"allow":["GET"]}}],"collection":[{"href":"https:\/\/lap-it.de\/index.php?rest_route=\/wp\/v2\/pages"}],"about":[{"href":"https:\/\/lap-it.de\/index.php?rest_route=\/wp\/v2\/types\/page"}],"author":[{"embeddable":true,"href":"https:\/\/lap-it.de\/index.php?rest_route=\/wp\/v2\/users\/1"}],"replies":[{"embeddable":true,"href":"https:\/\/lap-it.de\/index.php?rest_route=%2Fwp%2Fv2%2Fcomments&post=47"}],"version-history":[{"count":2,"href":"https:\/\/lap-it.de\/index.php?rest_route=\/wp\/v2\/pages\/47\/revisions"}],"predecessor-version":[{"id":517,"href":"https:\/\/lap-it.de\/index.php?rest_route=\/wp\/v2\/pages\/47\/revisions\/517"}],"wp:attachment":[{"href":"https:\/\/lap-it.de\/index.php?rest_route=%2Fwp%2Fv2%2Fmedia&parent=47"}],"curies":[{"name":"wp","href":"https:\/\/api.w.org\/{rel}","templated":true}]}}